{"id":696,"date":"2024-12-12T17:18:24","date_gmt":"2024-12-12T20:18:24","guid":{"rendered":"https:\/\/vertrauensrl.com.ar\/?page_id=696"},"modified":"2025-02-12T16:32:14","modified_gmt":"2025-02-12T19:32:14","slug":"sales","status":"publish","type":"page","link":"https:\/\/vertrauensrl.com.ar\/en\/materias-primas\/sales\/","title":{"rendered":"Salts"},"content":{"rendered":"<div data-elementor-type=\"wp-page\" data-elementor-id=\"696\" class=\"elementor elementor-696\">\n\t\t\t\t\t\t<section class=\"elementor-section elementor-top-section elementor-element elementor-element-4c79f31 ts-col-stretched-none ts-bg-color-over-image elementor-section-boxed elementor-section-height-default elementor-section-height-default\" data-id=\"4c79f31\" data-element_type=\"section\">\n\t\t\t\t\t\t<div class=\"elementor-container elementor-column-gap-default\">\n\t\t\t\t\t<div class=\"elementor-column elementor-col-50 elementor-top-column elementor-element elementor-element-b9e88c3 ts-bg-color-over-image\" data-id=\"b9e88c3\" data-element_type=\"column\">\n\t\t\t<div class=\"elementor-widget-wrap elementor-element-populated\">\n\t\t\t\t\t\t<div class=\"elementor-element elementor-element-46b30d6 elementor-widget elementor-widget-image\" data-id=\"46b30d6\" data-element_type=\"widget\" data-widget_type=\"image.default\">\n\t\t\t\t<div class=\"elementor-widget-container\">\n\t\t\t\t\t\t\t\t\t\t\t\t\t\t\t<img fetchpriority=\"high\" decoding=\"async\" width=\"500\" height=\"500\" src=\"https:\/\/vertrauensrl.com.ar\/wp-content\/uploads\/2024\/12\/sales-p.jpg\" class=\"attachment-large size-large wp-image-632\" alt=\"\" srcset=\"https:\/\/vertrauensrl.com.ar\/wp-content\/uploads\/2024\/12\/sales-p.jpg 500w, https:\/\/vertrauensrl.com.ar\/wp-content\/uploads\/2024\/12\/sales-p-300x300.jpg 300w, https:\/\/vertrauensrl.com.ar\/wp-content\/uploads\/2024\/12\/sales-p-100x100.jpg 100w, https:\/\/vertrauensrl.com.ar\/wp-content\/uploads\/2024\/12\/sales-p-150x150.jpg 150w\" sizes=\"(max-width: 500px) 100vw, 500px\" data-id=\"632\" \/>\t\t\t\t\t\t\t\t\t\t\t\t\t\t\t<\/div>\n\t\t\t\t<\/div>\n\t\t\t\t\t<\/div>\n\t\t<\/div>\n\t\t\t\t<div class=\"elementor-column elementor-col-50 elementor-top-column elementor-element elementor-element-1d812bc ts-bg-color-over-image\" data-id=\"1d812bc\" data-element_type=\"column\">\n\t\t\t<div class=\"elementor-widget-wrap elementor-element-populated\">\n\t\t\t\t\t\t<div class=\"elementor-element elementor-element-0c15bca elementor-widget elementor-widget-text-editor\" data-id=\"0c15bca\" data-element_type=\"widget\" data-widget_type=\"text-editor.default\">\n\t\t\t\t<div class=\"elementor-widget-container\">\n\t\t\t\t\t\t\t\t\t<p>SODIUM BICARBONATE <br \/>SODIUM NITRATE <br \/>CALCIUM CHLORIDE <br \/>COARSE \/ FINE \/ FINE SALT <br \/>SODIUM TRIPOLYPHOSPHATE <br \/>HEXAMENTAFOSFATO DE SODIO <br \/>MONOCALCIUM PHOSPHATE <br \/>TRISODIUM CITRATE <br \/>CALCIUM PROPIONATE <br \/>PROPIONIC ACID <br \/>PIROSIL <br \/>TITANIUM DIOXIDE <br \/>ERITORBATO <br \/>NITRITE<\/p>\t\t\t\t\t\t\t\t<\/div>\n\t\t\t\t<\/div>\n\t\t\t\t\t<\/div>\n\t\t<\/div>\n\t\t\t\t\t<\/div>\n\t\t<\/section>\n\t\t\t\t<\/div>","protected":false},"excerpt":{"rendered":"<p>BICARBONATO DE SODIO NITRATO DE SODIO CLORURO DE CALCIO SAL GRUESA\/ENTREFINA\/FINA TRIPOLIFOSFATO DE SODIO HEXAMENTAFOSFATO DE SODIO FOSFATO MONOCALCICO CITRATO TRIS\u00d3DICO PROPIONATO DE CALCIO \u00c1CIDO PROPIONICO PIROSIL DI\u00d3XIDO DE TITANIO ERITORBATO NITRITO<\/p>","protected":false},"author":1,"featured_media":0,"parent":603,"menu_order":15,"comment_status":"closed","ping_status":"closed","template":"","meta":{"footnotes":""},"class_list":["post-696","page","type-page","status-publish","hentry"],"_links":{"self":[{"href":"https:\/\/vertrauensrl.com.ar\/en\/wp-json\/wp\/v2\/pages\/696","targetHints":{"allow":["GET"]}}],"collection":[{"href":"https:\/\/vertrauensrl.com.ar\/en\/wp-json\/wp\/v2\/pages"}],"about":[{"href":"https:\/\/vertrauensrl.com.ar\/en\/wp-json\/wp\/v2\/types\/page"}],"author":[{"embeddable":true,"href":"https:\/\/vertrauensrl.com.ar\/en\/wp-json\/wp\/v2\/users\/1"}],"replies":[{"embeddable":true,"href":"https:\/\/vertrauensrl.com.ar\/en\/wp-json\/wp\/v2\/comments?post=696"}],"version-history":[{"count":19,"href":"https:\/\/vertrauensrl.com.ar\/en\/wp-json\/wp\/v2\/pages\/696\/revisions"}],"predecessor-version":[{"id":1667,"href":"https:\/\/vertrauensrl.com.ar\/en\/wp-json\/wp\/v2\/pages\/696\/revisions\/1667"}],"up":[{"embeddable":true,"href":"https:\/\/vertrauensrl.com.ar\/en\/wp-json\/wp\/v2\/pages\/603"}],"wp:attachment":[{"href":"https:\/\/vertrauensrl.com.ar\/en\/wp-json\/wp\/v2\/media?parent=696"}],"curies":[{"name":"wp","href":"https:\/\/api.w.org\/{rel}","templated":true}]}}