{"id":870,"date":"2024-12-16T19:33:04","date_gmt":"2024-12-16T22:33:04","guid":{"rendered":"https:\/\/vertrauensrl.com.ar\/?page_id=870"},"modified":"2025-02-20T12:07:22","modified_gmt":"2025-02-20T15:07:22","slug":"kit-determinaciones-rapidas","status":"publish","type":"page","link":"https:\/\/vertrauensrl.com.ar\/en\/equipamiento-de-laboratorio\/material-de-laboratorio\/kit-determinaciones-rapidas\/","title":{"rendered":"Rapid determination kit"},"content":{"rendered":"<div data-elementor-type=\"wp-page\" data-elementor-id=\"870\" class=\"elementor elementor-870\">\n\t\t\t\t\t\t<section class=\"elementor-section elementor-top-section elementor-element elementor-element-54b5022 ts-col-stretched-none ts-bg-color-over-image elementor-section-boxed elementor-section-height-default elementor-section-height-default\" data-id=\"54b5022\" data-element_type=\"section\">\n\t\t\t\t\t\t<div class=\"elementor-container elementor-column-gap-default\">\n\t\t\t\t\t<div class=\"elementor-column elementor-col-33 elementor-top-column elementor-element elementor-element-2a9302b ts-bg-color-over-image\" data-id=\"2a9302b\" data-element_type=\"column\">\n\t\t\t<div class=\"elementor-widget-wrap elementor-element-populated\">\n\t\t\t\t\t\t<div class=\"elementor-element elementor-element-6233222 elementor-widget elementor-widget-ucaddon_image_zoom_content_box\" data-id=\"6233222\" data-element_type=\"widget\" data-widget_type=\"ucaddon_image_zoom_content_box.default\">\n\t\t\t\t<div class=\"elementor-widget-container\">\n\t\t\t\t\t\n<!-- start Image Zoom Content Box -->\n<style>\/* widget: Image Zoom Content Box *\/\n\n.uc_content_box_zoom_effect *{\n\tpadding: 0;\n}\n#uc_image_zoom_content_box_elementor_6233222 {\n\tbackground-color: #fff;\n\ttransition: all 0.8s ease 0s;\n    overflow:hidden;\n    display:flex;\n}\n\n.uc_content_box_zoom_effect:hover .uc_image {\n\ttransition: all 0.8s ease 0s;\n}\n\n.uc_content_box_zoom_effect .uc_thumbnail {\n\tdisplay: block;\n\toverflow: hidden;\n\ttext-decoration: none;\n    flex-shrink:0;\n    flex-grow:0;\n  \n}\n#uc_image_zoom_content_box_elementor_6233222 .uc_image {\n\twidth: 100%;\n\ttransition: all 0.8s ease 0s;\n    mix-blend-mode: normal;\n    object-position: center center;\n    display:block;\n}\n.uc_content_box_zoom_effect .uc_title {\n\tdisplay: block;\n\tfont-size: 24px;\n\ttext-decoration: none;\n}\n.uc_content_box_zoom_effect .uc_content {\n\tline-height:1.5em;\n    \n}\n#uc_image_zoom_content_box_elementor_6233222 .uc_more {\n\tdisplay: ;\n\tcolor: #ffffff;\n\ttext-decoration: none;\n    background-color:#5e5e5e;\n   \n}\n\n#uc_image_zoom_content_box_elementor_6233222 .uc_more:hover {\n    background-color:#000000;\n    color:#ffffff;\n}\n\n#uc_image_zoom_content_box_elementor_6233222 .uc_content_box_zoom_effect_image\n{\nobject-fit:cover;\n}\n\n<\/style>\n\n<div class=\"uc_content_box_zoom_effect ue-box ue-boxcolumn\" id=\"uc_image_zoom_content_box_elementor_6233222\"> \n  \n  \n    <div class=\"uc_thumbnail\">\n        \t      <img fetchpriority=\"high\" decoding=\"async\" class=\"uc_image uc_content_box_zoom_effect_image\" src=\"https:\/\/vertrauensrl.com.ar\/wp-content\/uploads\/2025\/02\/no-image_p1.jpg\"  alt=\"no-image_p1\" width=\"500\" height=\"500\" \/>\n          <\/div>\n  \n  \n  <div class=\"uc_content_box_zoom_effect_content\">\n                                <div class=\"uc_title\">ANTIBIOTIC DETERMINATION KIT<\/div>\n                      <\/div>\n<\/div>\n<!-- end Image Zoom Content Box -->\t\t\t\t<\/div>\n\t\t\t\t<\/div>\n\t\t\t\t<div class=\"elementor-element elementor-element-aaabff4 elementor-widget elementor-widget-ucaddon_image_zoom_content_box\" data-id=\"aaabff4\" data-element_type=\"widget\" data-widget_type=\"ucaddon_image_zoom_content_box.default\">\n\t\t\t\t<div class=\"elementor-widget-container\">\n\t\t\t\t\t\n<!-- start Image Zoom Content Box -->\n<style>\/* widget: Image Zoom Content Box *\/\n\n.uc_content_box_zoom_effect *{\n\tpadding: 0;\n}\n#uc_image_zoom_content_box_elementor_aaabff4 {\n\tbackground-color: #fff;\n\ttransition: all 0.8s ease 0s;\n    overflow:hidden;\n    display:flex;\n}\n\n.uc_content_box_zoom_effect:hover .uc_image {\n\ttransition: all 0.8s ease 0s;\n}\n\n.uc_content_box_zoom_effect .uc_thumbnail {\n\tdisplay: block;\n\toverflow: hidden;\n\ttext-decoration: none;\n    flex-shrink:0;\n    flex-grow:0;\n  \n}\n#uc_image_zoom_content_box_elementor_aaabff4 .uc_image {\n\twidth: 100%;\n\ttransition: all 0.8s ease 0s;\n    mix-blend-mode: normal;\n    object-position: center center;\n    display:block;\n}\n.uc_content_box_zoom_effect .uc_title {\n\tdisplay: block;\n\tfont-size: 24px;\n\ttext-decoration: none;\n}\n.uc_content_box_zoom_effect .uc_content {\n\tline-height:1.5em;\n    \n}\n#uc_image_zoom_content_box_elementor_aaabff4 .uc_more {\n\tdisplay: ;\n\tcolor: #ffffff;\n\ttext-decoration: none;\n    background-color:#5e5e5e;\n   \n}\n\n#uc_image_zoom_content_box_elementor_aaabff4 .uc_more:hover {\n    background-color:#000000;\n    color:#ffffff;\n}\n\n#uc_image_zoom_content_box_elementor_aaabff4 .uc_content_box_zoom_effect_image\n{\nobject-fit:cover;\n}\n\n<\/style>\n\n<div class=\"uc_content_box_zoom_effect ue-box ue-boxcolumn\" id=\"uc_image_zoom_content_box_elementor_aaabff4\"> \n  \n  \n    <div class=\"uc_thumbnail\">\n        \t      <img fetchpriority=\"high\" decoding=\"async\" class=\"uc_image uc_content_box_zoom_effect_image\" src=\"https:\/\/vertrauensrl.com.ar\/wp-content\/uploads\/2025\/02\/no-image_p1.jpg\"  alt=\"no-image_p1\" width=\"500\" height=\"500\" \/>\n          <\/div>\n  \n  \n  <div class=\"uc_content_box_zoom_effect_content\">\n                                <div class=\"uc_title\">NITRITE DETERMINATION KIT<\/div>\n                      <\/div>\n<\/div>\n<!-- end Image Zoom Content Box -->\t\t\t\t<\/div>\n\t\t\t\t<\/div>\n\t\t\t\t\t<\/div>\n\t\t<\/div>\n\t\t\t\t<div class=\"elementor-column elementor-col-33 elementor-top-column elementor-element elementor-element-536148c ts-bg-color-over-image\" data-id=\"536148c\" data-element_type=\"column\">\n\t\t\t<div class=\"elementor-widget-wrap elementor-element-populated\">\n\t\t\t\t\t\t<div class=\"elementor-element elementor-element-af66929 elementor-widget elementor-widget-ucaddon_image_zoom_content_box\" data-id=\"af66929\" data-element_type=\"widget\" data-widget_type=\"ucaddon_image_zoom_content_box.default\">\n\t\t\t\t<div class=\"elementor-widget-container\">\n\t\t\t\t\t\n<!-- start Image Zoom Content Box -->\n<style>\/* widget: Image Zoom Content Box *\/\n\n.uc_content_box_zoom_effect *{\n\tpadding: 0;\n}\n#uc_image_zoom_content_box_elementor_af66929 {\n\tbackground-color: #fff;\n\ttransition: all 0.8s ease 0s;\n    overflow:hidden;\n    display:flex;\n}\n\n.uc_content_box_zoom_effect:hover .uc_image {\n\ttransition: all 0.8s ease 0s;\n}\n\n.uc_content_box_zoom_effect .uc_thumbnail {\n\tdisplay: block;\n\toverflow: hidden;\n\ttext-decoration: none;\n    flex-shrink:0;\n    flex-grow:0;\n  \n}\n#uc_image_zoom_content_box_elementor_af66929 .uc_image {\n\twidth: 100%;\n\ttransition: all 0.8s ease 0s;\n    mix-blend-mode: normal;\n    object-position: center center;\n    display:block;\n}\n.uc_content_box_zoom_effect .uc_title {\n\tdisplay: block;\n\tfont-size: 24px;\n\ttext-decoration: none;\n}\n.uc_content_box_zoom_effect .uc_content {\n\tline-height:1.5em;\n    \n}\n#uc_image_zoom_content_box_elementor_af66929 .uc_more {\n\tdisplay: ;\n\tcolor: #ffffff;\n\ttext-decoration: none;\n    background-color:#5e5e5e;\n   \n}\n\n#uc_image_zoom_content_box_elementor_af66929 .uc_more:hover {\n    background-color:#000000;\n    color:#ffffff;\n}\n\n#uc_image_zoom_content_box_elementor_af66929 .uc_content_box_zoom_effect_image\n{\nobject-fit:cover;\n}\n\n<\/style>\n\n<div class=\"uc_content_box_zoom_effect ue-box ue-boxcolumn\" id=\"uc_image_zoom_content_box_elementor_af66929\"> \n  \n  \n    <div class=\"uc_thumbnail\">\n        \t      <img fetchpriority=\"high\" decoding=\"async\" class=\"uc_image uc_content_box_zoom_effect_image\" src=\"https:\/\/vertrauensrl.com.ar\/wp-content\/uploads\/2025\/02\/no-image_p1.jpg\"  alt=\"no-image_p1\" width=\"500\" height=\"500\" \/>\n          <\/div>\n  \n  \n  <div class=\"uc_content_box_zoom_effect_content\">\n                                <div class=\"uc_title\">PEROXIDE DETERMINATION KIT<\/div>\n                      <\/div>\n<\/div>\n<!-- end Image Zoom Content Box -->\t\t\t\t<\/div>\n\t\t\t\t<\/div>\n\t\t\t\t<div class=\"elementor-element elementor-element-b3c4904 elementor-widget elementor-widget-ucaddon_image_zoom_content_box\" data-id=\"b3c4904\" data-element_type=\"widget\" data-widget_type=\"ucaddon_image_zoom_content_box.default\">\n\t\t\t\t<div class=\"elementor-widget-container\">\n\t\t\t\t\t\n<!-- start Image Zoom Content Box -->\n<style>\/* widget: Image Zoom Content Box *\/\n\n.uc_content_box_zoom_effect *{\n\tpadding: 0;\n}\n#uc_image_zoom_content_box_elementor_b3c4904 {\n\tbackground-color: #fff;\n\ttransition: all 0.8s ease 0s;\n    overflow:hidden;\n    display:flex;\n}\n\n.uc_content_box_zoom_effect:hover .uc_image {\n\ttransition: all 0.8s ease 0s;\n}\n\n.uc_content_box_zoom_effect .uc_thumbnail {\n\tdisplay: block;\n\toverflow: hidden;\n\ttext-decoration: none;\n    flex-shrink:0;\n    flex-grow:0;\n  \n}\n#uc_image_zoom_content_box_elementor_b3c4904 .uc_image {\n\twidth: 100%;\n\ttransition: all 0.8s ease 0s;\n    mix-blend-mode: normal;\n    object-position: center center;\n    display:block;\n}\n.uc_content_box_zoom_effect .uc_title {\n\tdisplay: block;\n\tfont-size: 24px;\n\ttext-decoration: none;\n}\n.uc_content_box_zoom_effect .uc_content {\n\tline-height:1.5em;\n    \n}\n#uc_image_zoom_content_box_elementor_b3c4904 .uc_more {\n\tdisplay: ;\n\tcolor: #ffffff;\n\ttext-decoration: none;\n    background-color:#5e5e5e;\n   \n}\n\n#uc_image_zoom_content_box_elementor_b3c4904 .uc_more:hover {\n    background-color:#000000;\n    color:#ffffff;\n}\n\n#uc_image_zoom_content_box_elementor_b3c4904 .uc_content_box_zoom_effect_image\n{\nobject-fit:cover;\n}\n\n<\/style>\n\n<div class=\"uc_content_box_zoom_effect ue-box ue-boxcolumn\" id=\"uc_image_zoom_content_box_elementor_b3c4904\"> \n  \n  \n    <div class=\"uc_thumbnail\">\n        \t      <img fetchpriority=\"high\" decoding=\"async\" class=\"uc_image uc_content_box_zoom_effect_image\" src=\"https:\/\/vertrauensrl.com.ar\/wp-content\/uploads\/2025\/02\/no-image_p1.jpg\"  alt=\"no-image_p1\" width=\"500\" height=\"500\" \/>\n          <\/div>\n  \n  \n  <div class=\"uc_content_box_zoom_effect_content\">\n                                <div class=\"uc_title\">NITRATE DETERMINATION KIT<\/div>\n                      <\/div>\n<\/div>\n<!-- end Image Zoom Content Box -->\t\t\t\t<\/div>\n\t\t\t\t<\/div>\n\t\t\t\t\t<\/div>\n\t\t<\/div>\n\t\t\t\t<div class=\"elementor-column elementor-col-33 elementor-top-column elementor-element elementor-element-b3674e9 ts-bg-color-over-image\" data-id=\"b3674e9\" data-element_type=\"column\">\n\t\t\t<div class=\"elementor-widget-wrap elementor-element-populated\">\n\t\t\t\t\t\t<div class=\"elementor-element elementor-element-005e94b elementor-widget elementor-widget-ucaddon_image_zoom_content_box\" data-id=\"005e94b\" data-element_type=\"widget\" data-widget_type=\"ucaddon_image_zoom_content_box.default\">\n\t\t\t\t<div class=\"elementor-widget-container\">\n\t\t\t\t\t\n<!-- start Image Zoom Content Box -->\n<style>\/* widget: Image Zoom Content Box *\/\n\n.uc_content_box_zoom_effect *{\n\tpadding: 0;\n}\n#uc_image_zoom_content_box_elementor_005e94b {\n\tbackground-color: #fff;\n\ttransition: all 0.8s ease 0s;\n    overflow:hidden;\n    display:flex;\n}\n\n.uc_content_box_zoom_effect:hover .uc_image {\n\ttransition: all 0.8s ease 0s;\n}\n\n.uc_content_box_zoom_effect .uc_thumbnail {\n\tdisplay: block;\n\toverflow: hidden;\n\ttext-decoration: none;\n    flex-shrink:0;\n    flex-grow:0;\n  \n}\n#uc_image_zoom_content_box_elementor_005e94b .uc_image {\n\twidth: 100%;\n\ttransition: all 0.8s ease 0s;\n    mix-blend-mode: normal;\n    object-position: center center;\n    display:block;\n}\n.uc_content_box_zoom_effect .uc_title {\n\tdisplay: block;\n\tfont-size: 24px;\n\ttext-decoration: none;\n}\n.uc_content_box_zoom_effect .uc_content {\n\tline-height:1.5em;\n    \n}\n#uc_image_zoom_content_box_elementor_005e94b .uc_more {\n\tdisplay: ;\n\tcolor: #ffffff;\n\ttext-decoration: none;\n    background-color:#5e5e5e;\n   \n}\n\n#uc_image_zoom_content_box_elementor_005e94b .uc_more:hover {\n    background-color:#000000;\n    color:#ffffff;\n}\n\n#uc_image_zoom_content_box_elementor_005e94b .uc_content_box_zoom_effect_image\n{\nobject-fit:cover;\n}\n\n<\/style>\n\n<div class=\"uc_content_box_zoom_effect ue-box ue-boxcolumn\" id=\"uc_image_zoom_content_box_elementor_005e94b\"> \n  \n  \n    <div class=\"uc_thumbnail\">\n        \t      <img fetchpriority=\"high\" decoding=\"async\" class=\"uc_image uc_content_box_zoom_effect_image\" src=\"https:\/\/vertrauensrl.com.ar\/wp-content\/uploads\/2025\/02\/no-image_p1.jpg\"  alt=\"no-image_p1\" width=\"500\" height=\"500\" \/>\n          <\/div>\n  \n  \n  <div class=\"uc_content_box_zoom_effect_content\">\n                                <div class=\"uc_title\">FREE CHLORINE DETERMINATION KIT<\/div>\n                      <\/div>\n<\/div>\n<!-- end Image Zoom Content Box -->\t\t\t\t<\/div>\n\t\t\t\t<\/div>\n\t\t\t\t<div class=\"elementor-element elementor-element-a5652f5 elementor-widget elementor-widget-ucaddon_image_zoom_content_box\" data-id=\"a5652f5\" data-element_type=\"widget\" data-widget_type=\"ucaddon_image_zoom_content_box.default\">\n\t\t\t\t<div class=\"elementor-widget-container\">\n\t\t\t\t\t\n<!-- start Image Zoom Content Box -->\n<style>\/* widget: Image Zoom Content Box *\/\n\n.uc_content_box_zoom_effect *{\n\tpadding: 0;\n}\n#uc_image_zoom_content_box_elementor_a5652f5 {\n\tbackground-color: #fff;\n\ttransition: all 0.8s ease 0s;\n    overflow:hidden;\n    display:flex;\n}\n\n.uc_content_box_zoom_effect:hover .uc_image {\n\ttransition: all 0.8s ease 0s;\n}\n\n.uc_content_box_zoom_effect .uc_thumbnail {\n\tdisplay: block;\n\toverflow: hidden;\n\ttext-decoration: none;\n    flex-shrink:0;\n    flex-grow:0;\n  \n}\n#uc_image_zoom_content_box_elementor_a5652f5 .uc_image {\n\twidth: 100%;\n\ttransition: all 0.8s ease 0s;\n    mix-blend-mode: normal;\n    object-position: center center;\n    display:block;\n}\n.uc_content_box_zoom_effect .uc_title {\n\tdisplay: block;\n\tfont-size: 24px;\n\ttext-decoration: none;\n}\n.uc_content_box_zoom_effect .uc_content {\n\tline-height:1.5em;\n    \n}\n#uc_image_zoom_content_box_elementor_a5652f5 .uc_more {\n\tdisplay: ;\n\tcolor: #ffffff;\n\ttext-decoration: none;\n    background-color:#5e5e5e;\n   \n}\n\n#uc_image_zoom_content_box_elementor_a5652f5 .uc_more:hover {\n    background-color:#000000;\n    color:#ffffff;\n}\n\n#uc_image_zoom_content_box_elementor_a5652f5 .uc_content_box_zoom_effect_image\n{\nobject-fit:cover;\n}\n\n<\/style>\n\n<div class=\"uc_content_box_zoom_effect ue-box ue-boxcolumn\" id=\"uc_image_zoom_content_box_elementor_a5652f5\"> \n  \n  \n    <div class=\"uc_thumbnail\">\n        \t      <img fetchpriority=\"high\" decoding=\"async\" class=\"uc_image uc_content_box_zoom_effect_image\" src=\"https:\/\/vertrauensrl.com.ar\/wp-content\/uploads\/2025\/02\/no-image_p1.jpg\"  alt=\"no-image_p1\" width=\"500\" height=\"500\" \/>\n          <\/div>\n  \n  \n  <div class=\"uc_content_box_zoom_effect_content\">\n                                <div class=\"uc_title\">PERACETIC DETERMINATION KIT<\/div>\n                      <\/div>\n<\/div>\n<!-- end Image Zoom Content Box -->\t\t\t\t<\/div>\n\t\t\t\t<\/div>\n\t\t\t\t\t<\/div>\n\t\t<\/div>\n\t\t\t\t\t<\/div>\n\t\t<\/section>\n\t\t\t\t<\/div>","protected":false},"excerpt":{"rendered":"<p>KIT DETERMINACI\u00d3N ANTIBIOTICOS KIT DETERMINACI\u00d3N NITRITOS KIT DETERMINACI\u00d3N PEROXIDOS KIT DETERMINACI\u00d3N NITRATOS KIT DETERMINACI\u00d3N CLORO LIBRE KIT DETERMINACI\u00d3N PERACETICO<\/p>","protected":false},"author":1,"featured_media":0,"parent":743,"menu_order":15,"comment_status":"closed","ping_status":"closed","template":"","meta":{"footnotes":""},"class_list":["post-870","page","type-page","status-publish","hentry"],"_links":{"self":[{"href":"https:\/\/vertrauensrl.com.ar\/en\/wp-json\/wp\/v2\/pages\/870","targetHints":{"allow":["GET"]}}],"collection":[{"href":"https:\/\/vertrauensrl.com.ar\/en\/wp-json\/wp\/v2\/pages"}],"about":[{"href":"https:\/\/vertrauensrl.com.ar\/en\/wp-json\/wp\/v2\/types\/page"}],"author":[{"embeddable":true,"href":"https:\/\/vertrauensrl.com.ar\/en\/wp-json\/wp\/v2\/users\/1"}],"replies":[{"embeddable":true,"href":"https:\/\/vertrauensrl.com.ar\/en\/wp-json\/wp\/v2\/comments?post=870"}],"version-history":[{"count":22,"href":"https:\/\/vertrauensrl.com.ar\/en\/wp-json\/wp\/v2\/pages\/870\/revisions"}],"predecessor-version":[{"id":1759,"href":"https:\/\/vertrauensrl.com.ar\/en\/wp-json\/wp\/v2\/pages\/870\/revisions\/1759"}],"up":[{"embeddable":true,"href":"https:\/\/vertrauensrl.com.ar\/en\/wp-json\/wp\/v2\/pages\/743"}],"wp:attachment":[{"href":"https:\/\/vertrauensrl.com.ar\/en\/wp-json\/wp\/v2\/media?parent=870"}],"curies":[{"name":"wp","href":"https:\/\/api.w.org\/{rel}","templated":true}]}}