{"id":960,"date":"2025-01-02T16:25:06","date_gmt":"2025-01-02T19:25:06","guid":{"rendered":"https:\/\/vertrauensrl.com.ar\/?page_id=960"},"modified":"2025-02-12T16:27:50","modified_gmt":"2025-02-12T19:27:50","slug":"quesos","status":"publish","type":"page","link":"https:\/\/vertrauensrl.com.ar\/en\/fabricacion\/lacteos\/quesos\/","title":{"rendered":"Quesos"},"content":{"rendered":"<div data-elementor-type=\"wp-page\" data-elementor-id=\"960\" class=\"elementor elementor-960\">\n\t\t\t\t\t\t<section class=\"elementor-section elementor-top-section elementor-element elementor-element-54b5022 ts-col-stretched-none ts-bg-color-over-image elementor-section-boxed elementor-section-height-default elementor-section-height-default\" data-id=\"54b5022\" data-element_type=\"section\">\n\t\t\t\t\t\t<div class=\"elementor-container elementor-column-gap-default\">\n\t\t\t\t\t<div class=\"elementor-column elementor-col-50 elementor-top-column elementor-element elementor-element-281ea29 ts-bg-color-over-image\" data-id=\"281ea29\" data-element_type=\"column\">\n\t\t\t<div class=\"elementor-widget-wrap elementor-element-populated\">\n\t\t\t\t\t\t<div class=\"elementor-element elementor-element-82f88f3 elementor-widget elementor-widget-image\" data-id=\"82f88f3\" data-element_type=\"widget\" data-widget_type=\"image.default\">\n\t\t\t\t<div class=\"elementor-widget-container\">\n\t\t\t\t\t\t\t\t\t\t\t\t\t\t\t<img fetchpriority=\"high\" decoding=\"async\" width=\"847\" height=\"847\" src=\"https:\/\/vertrauensrl.com.ar\/wp-content\/uploads\/2025\/01\/delicious-pieces-cheese-min-1024x1024.jpg\" class=\"attachment-large size-large wp-image-1009\" alt=\"\" srcset=\"https:\/\/vertrauensrl.com.ar\/wp-content\/uploads\/2025\/01\/delicious-pieces-cheese-min-1024x1024.jpg 1024w, https:\/\/vertrauensrl.com.ar\/wp-content\/uploads\/2025\/01\/delicious-pieces-cheese-min-300x300.jpg 300w, https:\/\/vertrauensrl.com.ar\/wp-content\/uploads\/2025\/01\/delicious-pieces-cheese-min-150x150.jpg 150w, https:\/\/vertrauensrl.com.ar\/wp-content\/uploads\/2025\/01\/delicious-pieces-cheese-min-768x768.jpg 768w, https:\/\/vertrauensrl.com.ar\/wp-content\/uploads\/2025\/01\/delicious-pieces-cheese-min-600x600.jpg 600w, https:\/\/vertrauensrl.com.ar\/wp-content\/uploads\/2025\/01\/delicious-pieces-cheese-min-100x100.jpg 100w, https:\/\/vertrauensrl.com.ar\/wp-content\/uploads\/2025\/01\/delicious-pieces-cheese-min-800x800.jpg 800w, https:\/\/vertrauensrl.com.ar\/wp-content\/uploads\/2025\/01\/delicious-pieces-cheese-min-770x770.jpg 770w, https:\/\/vertrauensrl.com.ar\/wp-content\/uploads\/2025\/01\/delicious-pieces-cheese-min.jpg 1200w\" sizes=\"(max-width: 847px) 100vw, 847px\" data-id=\"1009\" \/>\t\t\t\t\t\t\t\t\t\t\t\t\t\t\t<\/div>\n\t\t\t\t<\/div>\n\t\t\t\t\t<\/div>\n\t\t<\/div>\n\t\t\t\t<div class=\"elementor-column elementor-col-50 elementor-top-column elementor-element elementor-element-55180ca ts-bg-color-over-image\" data-id=\"55180ca\" data-element_type=\"column\">\n\t\t\t<div class=\"elementor-widget-wrap elementor-element-populated\">\n\t\t\t\t\t\t<div class=\"elementor-element elementor-element-8d2dd25 elementor-widget elementor-widget-heading\" data-id=\"8d2dd25\" data-element_type=\"widget\" data-widget_type=\"heading.default\">\n\t\t\t\t<div class=\"elementor-widget-container\">\n\t\t\t\t\t<h2 class=\"elementor-heading-title elementor-size-default\">NATURALES<\/h2>\t\t\t\t<\/div>\n\t\t\t\t<\/div>\n\t\t\t\t<div class=\"elementor-element elementor-element-e9f8a26 elementor-widget elementor-widget-text-editor\" data-id=\"e9f8a26\" data-element_type=\"widget\" data-widget_type=\"text-editor.default\">\n\t\t\t\t<div class=\"elementor-widget-container\">\n\t\t\t\t\t\t\t\t\t<p>ROCU COLORING <br>COAGULANT <br>LIQUID CALCIUM CHLORIDE <br>FERMETATION ACTIVATORS <br>FERMENTS <br>ANTIFUNGAL BATHS <br>MICRONIZED NATAMYCIN FOR BRINES<\/p>\t\t\t\t\t\t\t\t<\/div>\n\t\t\t\t<\/div>\n\t\t\t\t\t<\/div>\n\t\t<\/div>\n\t\t\t\t\t<\/div>\n\t\t<\/section>\n\t\t\t\t<section class=\"elementor-section elementor-top-section elementor-element elementor-element-473f542 ts-col-stretched-none ts-bg-color-over-image elementor-section-boxed elementor-section-height-default elementor-section-height-default\" data-id=\"473f542\" data-element_type=\"section\">\n\t\t\t\t\t\t<div class=\"elementor-container elementor-column-gap-default\">\n\t\t\t\t\t<div class=\"elementor-column elementor-col-100 elementor-top-column elementor-element elementor-element-f813268 ts-bg-color-over-image\" data-id=\"f813268\" data-element_type=\"column\">\n\t\t\t<div class=\"elementor-widget-wrap elementor-element-populated\">\n\t\t\t\t\t\t<div class=\"elementor-element elementor-element-2eb9b63 elementor-widget-divider--view-line elementor-widget elementor-widget-divider\" data-id=\"2eb9b63\" data-element_type=\"widget\" data-widget_type=\"divider.default\">\n\t\t\t\t<div class=\"elementor-widget-container\">\n\t\t\t\t\t\t\t<div class=\"elementor-divider\">\n\t\t\t<span class=\"elementor-divider-separator\">\n\t\t\t\t\t\t<\/span>\n\t\t<\/div>\n\t\t\t\t\t\t<\/div>\n\t\t\t\t<\/div>\n\t\t\t\t\t<\/div>\n\t\t<\/div>\n\t\t\t\t\t<\/div>\n\t\t<\/section>\n\t\t\t\t<section class=\"elementor-section elementor-top-section elementor-element elementor-element-96d4dfc ts-col-stretched-none ts-bg-color-over-image elementor-section-boxed elementor-section-height-default elementor-section-height-default\" data-id=\"96d4dfc\" data-element_type=\"section\">\n\t\t\t\t\t\t<div class=\"elementor-container elementor-column-gap-default\">\n\t\t\t\t\t<div class=\"elementor-column elementor-col-50 elementor-top-column elementor-element elementor-element-928a627 ts-bg-color-over-image\" data-id=\"928a627\" data-element_type=\"column\">\n\t\t\t<div class=\"elementor-widget-wrap elementor-element-populated\">\n\t\t\t\t\t\t<div class=\"elementor-element elementor-element-0e65241 elementor-widget elementor-widget-image\" data-id=\"0e65241\" data-element_type=\"widget\" data-widget_type=\"image.default\">\n\t\t\t\t<div class=\"elementor-widget-container\">\n\t\t\t\t\t\t\t\t\t\t\t\t\t\t\t<img decoding=\"async\" width=\"847\" height=\"847\" src=\"https:\/\/vertrauensrl.com.ar\/wp-content\/uploads\/2025\/01\/milk-products-dairy-min-1024x1024.jpg\" class=\"attachment-large size-large wp-image-1008\" alt=\"\" srcset=\"https:\/\/vertrauensrl.com.ar\/wp-content\/uploads\/2025\/01\/milk-products-dairy-min-1024x1024.jpg 1024w, https:\/\/vertrauensrl.com.ar\/wp-content\/uploads\/2025\/01\/milk-products-dairy-min-300x300.jpg 300w, https:\/\/vertrauensrl.com.ar\/wp-content\/uploads\/2025\/01\/milk-products-dairy-min-150x150.jpg 150w, https:\/\/vertrauensrl.com.ar\/wp-content\/uploads\/2025\/01\/milk-products-dairy-min-768x768.jpg 768w, https:\/\/vertrauensrl.com.ar\/wp-content\/uploads\/2025\/01\/milk-products-dairy-min-600x600.jpg 600w, https:\/\/vertrauensrl.com.ar\/wp-content\/uploads\/2025\/01\/milk-products-dairy-min-100x100.jpg 100w, https:\/\/vertrauensrl.com.ar\/wp-content\/uploads\/2025\/01\/milk-products-dairy-min-800x800.jpg 800w, https:\/\/vertrauensrl.com.ar\/wp-content\/uploads\/2025\/01\/milk-products-dairy-min-770x770.jpg 770w, https:\/\/vertrauensrl.com.ar\/wp-content\/uploads\/2025\/01\/milk-products-dairy-min.jpg 1200w\" sizes=\"(max-width: 847px) 100vw, 847px\" data-id=\"1008\" \/>\t\t\t\t\t\t\t\t\t\t\t\t\t\t\t<\/div>\n\t\t\t\t<\/div>\n\t\t\t\t\t<\/div>\n\t\t<\/div>\n\t\t\t\t<div class=\"elementor-column elementor-col-50 elementor-top-column elementor-element elementor-element-f42c8cd ts-bg-color-over-image\" data-id=\"f42c8cd\" data-element_type=\"column\">\n\t\t\t<div class=\"elementor-widget-wrap elementor-element-populated\">\n\t\t\t\t\t\t<div class=\"elementor-element elementor-element-e908ec2 elementor-widget elementor-widget-heading\" data-id=\"e908ec2\" data-element_type=\"widget\" data-widget_type=\"heading.default\">\n\t\t\t\t<div class=\"elementor-widget-container\">\n\t\t\t\t\t<h2 class=\"elementor-heading-title elementor-size-default\">PROCESADOS<\/h2>\t\t\t\t<\/div>\n\t\t\t\t<\/div>\n\t\t\t\t<div class=\"elementor-element elementor-element-87a8d93 elementor-widget elementor-widget-text-editor\" data-id=\"87a8d93\" data-element_type=\"widget\" data-widget_type=\"text-editor.default\">\n\t\t\t\t<div class=\"elementor-widget-container\">\n\t\t\t\t\t\t\t\t\t<p>SALES FUNDENTES <br \/>STABILIZERS <br \/>EMULISONANTES <br \/>ACIDIFICANTES <br \/>DYES <br \/>SABORIZANTES <br \/>MODIFIED STARCHES<\/p>\t\t\t\t\t\t\t\t<\/div>\n\t\t\t\t<\/div>\n\t\t\t\t\t<\/div>\n\t\t<\/div>\n\t\t\t\t\t<\/div>\n\t\t<\/section>\n\t\t\t\t<section class=\"elementor-section elementor-top-section elementor-element elementor-element-0007b67 ts-col-stretched-none ts-bg-color-over-image elementor-section-boxed elementor-section-height-default elementor-section-height-default\" data-id=\"0007b67\" data-element_type=\"section\">\n\t\t\t\t\t\t<div class=\"elementor-container elementor-column-gap-default\">\n\t\t\t\t\t<div class=\"elementor-column elementor-col-100 elementor-top-column elementor-element elementor-element-d3a87b5 ts-bg-color-over-image\" data-id=\"d3a87b5\" data-element_type=\"column\">\n\t\t\t<div class=\"elementor-widget-wrap elementor-element-populated\">\n\t\t\t\t\t\t<div class=\"elementor-element elementor-element-a8f3cef elementor-widget-divider--view-line elementor-widget elementor-widget-divider\" data-id=\"a8f3cef\" data-element_type=\"widget\" data-widget_type=\"divider.default\">\n\t\t\t\t<div class=\"elementor-widget-container\">\n\t\t\t\t\t\t\t<div class=\"elementor-divider\">\n\t\t\t<span class=\"elementor-divider-separator\">\n\t\t\t\t\t\t<\/span>\n\t\t<\/div>\n\t\t\t\t\t\t<\/div>\n\t\t\t\t<\/div>\n\t\t\t\t\t<\/div>\n\t\t<\/div>\n\t\t\t\t\t<\/div>\n\t\t<\/section>\n\t\t\t\t<section class=\"elementor-section elementor-top-section elementor-element elementor-element-4089c80 ts-col-stretched-none ts-bg-color-over-image elementor-section-boxed elementor-section-height-default elementor-section-height-default\" data-id=\"4089c80\" data-element_type=\"section\">\n\t\t\t\t\t\t<div class=\"elementor-container elementor-column-gap-default\">\n\t\t\t\t\t<div class=\"elementor-column elementor-col-50 elementor-top-column elementor-element elementor-element-21162e8 ts-bg-color-over-image\" data-id=\"21162e8\" data-element_type=\"column\">\n\t\t\t<div class=\"elementor-widget-wrap elementor-element-populated\">\n\t\t\t\t\t\t<div class=\"elementor-element elementor-element-1a1aa2f elementor-widget elementor-widget-image\" data-id=\"1a1aa2f\" data-element_type=\"widget\" data-widget_type=\"image.default\">\n\t\t\t\t<div class=\"elementor-widget-container\">\n\t\t\t\t\t\t\t\t\t\t\t\t\t\t\t<img decoding=\"async\" width=\"847\" height=\"847\" src=\"https:\/\/vertrauensrl.com.ar\/wp-content\/uploads\/2025\/01\/almidones-p3-1-1024x1024.jpg\" class=\"attachment-large size-large wp-image-1243\" alt=\"\" srcset=\"https:\/\/vertrauensrl.com.ar\/wp-content\/uploads\/2025\/01\/almidones-p3-1-1024x1024.jpg 1024w, https:\/\/vertrauensrl.com.ar\/wp-content\/uploads\/2025\/01\/almidones-p3-1-300x300.jpg 300w, https:\/\/vertrauensrl.com.ar\/wp-content\/uploads\/2025\/01\/almidones-p3-1-150x150.jpg 150w, https:\/\/vertrauensrl.com.ar\/wp-content\/uploads\/2025\/01\/almidones-p3-1-768x768.jpg 768w, https:\/\/vertrauensrl.com.ar\/wp-content\/uploads\/2025\/01\/almidones-p3-1-600x600.jpg 600w, https:\/\/vertrauensrl.com.ar\/wp-content\/uploads\/2025\/01\/almidones-p3-1-100x100.jpg 100w, https:\/\/vertrauensrl.com.ar\/wp-content\/uploads\/2025\/01\/almidones-p3-1-800x800.jpg 800w, https:\/\/vertrauensrl.com.ar\/wp-content\/uploads\/2025\/01\/almidones-p3-1-770x770.jpg 770w, https:\/\/vertrauensrl.com.ar\/wp-content\/uploads\/2025\/01\/almidones-p3-1.jpg 1200w\" sizes=\"(max-width: 847px) 100vw, 847px\" data-id=\"1243\" \/>\t\t\t\t\t\t\t\t\t\t\t\t\t\t\t<\/div>\n\t\t\t\t<\/div>\n\t\t\t\t\t<\/div>\n\t\t<\/div>\n\t\t\t\t<div class=\"elementor-column elementor-col-50 elementor-top-column elementor-element elementor-element-5e973cc ts-bg-color-over-image\" data-id=\"5e973cc\" data-element_type=\"column\">\n\t\t\t<div class=\"elementor-widget-wrap elementor-element-populated\">\n\t\t\t\t\t\t<div class=\"elementor-element elementor-element-d57bd92 elementor-widget elementor-widget-heading\" data-id=\"d57bd92\" data-element_type=\"widget\" data-widget_type=\"heading.default\">\n\t\t\t\t<div class=\"elementor-widget-container\">\n\t\t\t\t\t<h2 class=\"elementor-heading-title elementor-size-default\">MUZZARELLAS<\/h2>\t\t\t\t<\/div>\n\t\t\t\t<\/div>\n\t\t\t\t<div class=\"elementor-element elementor-element-4980998 elementor-widget elementor-widget-text-editor\" data-id=\"4980998\" data-element_type=\"widget\" data-widget_type=\"text-editor.default\">\n\t\t\t\t<div class=\"elementor-widget-container\">\n\t\t\t\t\t\t\t\t\t<p>PRECURSORES DE ESTIRAMIENTO <br \/>CASEINATOS<\/p>\t\t\t\t\t\t\t\t<\/div>\n\t\t\t\t<\/div>\n\t\t\t\t\t<\/div>\n\t\t<\/div>\n\t\t\t\t\t<\/div>\n\t\t<\/section>\n\t\t\t\t<\/div>","protected":false},"excerpt":{"rendered":"<p>NATURALES COLORANTE ROCU COAGULANTE CLORURO DE CALCIO L\u00cdQUIDO ACTIVADORES DE FERMETACI\u00d3N FERMENTOS BA\u00d1OS ANTIMIC\u00d3TICOS NATAMICINA MICRONIZADA PARA SALMUERAS PROCESADOS SALES FUNDENTES ESTABILIZANTES EMULISONANTES ACIDIFICANTES COLORANTES SABORIZANTES ALMIDONES MODIFICADOS MUZZARELLAS PRECURSORES DE ESTIRAMIENTO CASEINATOS<\/p>","protected":false},"author":1,"featured_media":0,"parent":936,"menu_order":15,"comment_status":"closed","ping_status":"closed","template":"","meta":{"footnotes":""},"class_list":["post-960","page","type-page","status-publish","hentry"],"_links":{"self":[{"href":"https:\/\/vertrauensrl.com.ar\/en\/wp-json\/wp\/v2\/pages\/960","targetHints":{"allow":["GET"]}}],"collection":[{"href":"https:\/\/vertrauensrl.com.ar\/en\/wp-json\/wp\/v2\/pages"}],"about":[{"href":"https:\/\/vertrauensrl.com.ar\/en\/wp-json\/wp\/v2\/types\/page"}],"author":[{"embeddable":true,"href":"https:\/\/vertrauensrl.com.ar\/en\/wp-json\/wp\/v2\/users\/1"}],"replies":[{"embeddable":true,"href":"https:\/\/vertrauensrl.com.ar\/en\/wp-json\/wp\/v2\/comments?post=960"}],"version-history":[{"count":46,"href":"https:\/\/vertrauensrl.com.ar\/en\/wp-json\/wp\/v2\/pages\/960\/revisions"}],"predecessor-version":[{"id":1655,"href":"https:\/\/vertrauensrl.com.ar\/en\/wp-json\/wp\/v2\/pages\/960\/revisions\/1655"}],"up":[{"embeddable":true,"href":"https:\/\/vertrauensrl.com.ar\/en\/wp-json\/wp\/v2\/pages\/936"}],"wp:attachment":[{"href":"https:\/\/vertrauensrl.com.ar\/en\/wp-json\/wp\/v2\/media?parent=960"}],"curies":[{"name":"wp","href":"https:\/\/api.w.org\/{rel}","templated":true}]}}